{"id":4448,"date":"2024-11-14T00:47:42","date_gmt":"2024-11-14T00:47:42","guid":{"rendered":"https:\/\/konzept.com.pl\/career\/"},"modified":"2025-03-17T20:43:35","modified_gmt":"2025-03-17T20:43:35","slug":"career","status":"publish","type":"page","link":"https:\/\/konzept.com.pl\/en\/career\/","title":{"rendered":"CAREER"},"content":{"rendered":"\t\t<div data-elementor-type=\"wp-page\" data-elementor-id=\"4448\" class=\"elementor elementor-4448 elementor-1487\" data-elementor-post-type=\"page\">\n\t\t\t\t<div class=\"elementor-element elementor-element-7b83e03 e-flex e-con-boxed e-con e-parent\" data-id=\"7b83e03\" data-element_type=\"container\">\n\t\t\t\t\t<div class=\"e-con-inner\">\n\t\t<div class=\"elementor-element elementor-element-3423cf9 e-con-full e-flex e-con e-child\" data-id=\"3423cf9\" data-element_type=\"container\">\n\t\t\t\t<div class=\"elementor-element elementor-element-b9f16ba animated-fast elementor-invisible elementor-widget elementor-widget-heading\" data-id=\"b9f16ba\" data-element_type=\"widget\" data-settings=\"{&quot;_animation&quot;:&quot;fadeInDown&quot;}\" data-widget_type=\"heading.default\">\n\t\t\t\t<div class=\"elementor-widget-container\">\n\t\t\t\t\t<h2 class=\"elementor-heading-title elementor-size-default\">Do\u0142\u0105cz do Zespo\u0142u!<\/h2>\t\t\t\t<\/div>\n\t\t\t\t<\/div>\n\t\t\t\t<div class=\"elementor-element elementor-element-d3d1ba4 animated-fast elementor-invisible elementor-widget elementor-widget-text-editor\" data-id=\"d3d1ba4\" data-element_type=\"widget\" data-settings=\"{&quot;_animation&quot;:&quot;fadeInUp&quot;}\" data-widget_type=\"text-editor.default\">\n\t\t\t\t<div class=\"elementor-widget-container\">\n\t\t\t\t\t\t\t\t\t<p>W Konzept wierzymy, \u017ce architektura to sztuka, a ka\u017cdy projekt to unikalna historia. Tworzymy domy i wn\u0119trza klasy premium, dbaj\u0105c o najwy\u017csz\u0105 jako\u015b\u0107, precyzj\u0119 i ponadczasow\u0105 estetyk\u0119.<br \/><br \/><strong>Je\u015bli pasjonuje Ci\u0119 projektowanie na najwy\u017cszym poziomie, cenisz dba\u0142o\u015b\u0107 o detale i chcesz pracowa\u0107 przy wyj\u0105tkowych realizacjach, do\u0142\u0105cz do naszego zespo\u0142u.<\/strong><\/p>\t\t\t\t\t\t\t\t<\/div>\n\t\t\t\t<\/div>\n\t\t\t\t<div class=\"elementor-element elementor-element-e1a79c0 animated-fast elementor-invisible elementor-widget elementor-widget-text-editor\" data-id=\"e1a79c0\" data-element_type=\"widget\" data-settings=\"{&quot;_animation&quot;:&quot;fadeInUp&quot;}\" data-widget_type=\"text-editor.default\">\n\t\t\t\t<div class=\"elementor-widget-container\">\n\t\t\t\t\t\t\t\t\t<p>Je\u015bli chcesz tworzy\u0107 wyj\u0105tkowe przestrzenie, kt\u00f3re definiuj\u0105 luksus i elegancj\u0119, wy\u015blij swoje portfolio i CV<\/p>\t\t\t\t\t\t\t\t<\/div>\n\t\t\t\t<\/div>\n\t\t\t\t<div class=\"elementor-element elementor-element-8080ccd elementor-widget elementor-widget-spacer\" data-id=\"8080ccd\" data-element_type=\"widget\" data-widget_type=\"spacer.default\">\n\t\t\t\t<div class=\"elementor-widget-container\">\n\t\t\t\t\t\t\t<div class=\"elementor-spacer\">\n\t\t\t<div class=\"elementor-spacer-inner\"><\/div>\n\t\t<\/div>\n\t\t\t\t\t\t<\/div>\n\t\t\t\t<\/div>\n\t\t\t\t<div class=\"elementor-element elementor-element-af6b837 e-transform elementor-widget elementor-widget-button\" data-id=\"af6b837\" data-element_type=\"widget\" data-settings=\"{&quot;_transform_translateY_effect_hover&quot;:{&quot;unit&quot;:&quot;px&quot;,&quot;size&quot;:-6,&quot;sizes&quot;:[]},&quot;_transform_translateX_effect_hover&quot;:{&quot;unit&quot;:&quot;px&quot;,&quot;size&quot;:&quot;&quot;,&quot;sizes&quot;:[]},&quot;_transform_translateX_effect_hover_tablet&quot;:{&quot;unit&quot;:&quot;px&quot;,&quot;size&quot;:&quot;&quot;,&quot;sizes&quot;:[]},&quot;_transform_translateX_effect_hover_mobile&quot;:{&quot;unit&quot;:&quot;px&quot;,&quot;size&quot;:&quot;&quot;,&quot;sizes&quot;:[]},&quot;_transform_translateY_effect_hover_tablet&quot;:{&quot;unit&quot;:&quot;px&quot;,&quot;size&quot;:&quot;&quot;,&quot;sizes&quot;:[]},&quot;_transform_translateY_effect_hover_mobile&quot;:{&quot;unit&quot;:&quot;px&quot;,&quot;size&quot;:&quot;&quot;,&quot;sizes&quot;:[]}}\" data-widget_type=\"button.default\">\n\t\t\t\t<div class=\"elementor-widget-container\">\n\t\t\t\t\t\t\t\t\t<div class=\"elementor-button-wrapper\">\n\t\t\t\t\t<a class=\"elementor-button elementor-button-link elementor-size-sm\" href=\"#form-kariera\">\n\t\t\t\t\t\t<span class=\"elementor-button-content-wrapper\">\n\t\t\t\t\t\t\t\t\t<span class=\"elementor-button-text\">Wype\u0142nij formularz<\/span>\n\t\t\t\t\t<\/span>\n\t\t\t\t\t<\/a>\n\t\t\t\t<\/div>\n\t\t\t\t\t\t\t\t<\/div>\n\t\t\t\t<\/div>\n\t\t\t\t<\/div>\n\t\t<div class=\"elementor-element elementor-element-f679459 e-con-full e-flex e-con e-child\" data-id=\"f679459\" data-element_type=\"container\">\n\t\t\t\t<div class=\"elementor-element elementor-element-47a150c animated-fast elementor-invisible elementor-widget elementor-widget-heading\" data-id=\"47a150c\" data-element_type=\"widget\" data-settings=\"{&quot;_animation&quot;:&quot;fadeInDown&quot;}\" data-widget_type=\"heading.default\">\n\t\t\t\t<div class=\"elementor-widget-container\">\n\t\t\t\t\t<h2 class=\"elementor-heading-title elementor-size-default\">Kogo szukamy?<\/h2>\t\t\t\t<\/div>\n\t\t\t\t<\/div>\n\t\t\t\t<div class=\"elementor-element elementor-element-a33a5e2 animated-fast elementor-invisible elementor-widget elementor-widget-text-editor\" data-id=\"a33a5e2\" data-element_type=\"widget\" data-settings=\"{&quot;_animation&quot;:&quot;fadeInUp&quot;}\" data-widget_type=\"text-editor.default\">\n\t\t\t\t<div class=\"elementor-widget-container\">\n\t\t\t\t\t\t\t\t\t<ul data-start=\"462\" data-end=\"827\"><li data-start=\"462\" data-end=\"560\">Architekt\u00f3w z wyczuciem estetyki i do\u015bwiadczeniem w projektowaniu wn\u0119trz oraz budynk\u00f3w premium<\/li><li data-start=\"561\" data-end=\"646\">Projektant\u00f3w wn\u0119trz, kt\u00f3rzy potrafi\u0105 \u0142\u0105czy\u0107 funkcjonalno\u015b\u0107 z wyrafinowanym stylem<\/li><li data-start=\"647\" data-end=\"728\">Grafik\u00f3w 3D, specjalizuj\u0105cych si\u0119 w realistycznych wizualizacjach przestrzeni<\/li><li data-start=\"729\" data-end=\"827\">In\u017cynier\u00f3w i specjalist\u00f3w ds. realizacji, dbaj\u0105cych o jako\u015b\u0107 i perfekcyjne wykonanie projekt\u00f3w<\/li><\/ul><h3 data-start=\"829\" data-end=\"851\">\u00a0<\/h3>\t\t\t\t\t\t\t\t<\/div>\n\t\t\t\t<\/div>\n\t\t\t\t<div class=\"elementor-element elementor-element-f76cd45 animated-fast elementor-invisible elementor-widget elementor-widget-heading\" data-id=\"f76cd45\" data-element_type=\"widget\" data-settings=\"{&quot;_animation&quot;:&quot;fadeInDown&quot;}\" data-widget_type=\"heading.default\">\n\t\t\t\t<div class=\"elementor-widget-container\">\n\t\t\t\t\t<h2 class=\"elementor-heading-title elementor-size-default\">Co oferujemy?<\/h2>\t\t\t\t<\/div>\n\t\t\t\t<\/div>\n\t\t\t\t<div class=\"elementor-element elementor-element-df762c2 animated-fast elementor-invisible elementor-widget elementor-widget-text-editor\" data-id=\"df762c2\" data-element_type=\"widget\" data-settings=\"{&quot;_animation&quot;:&quot;fadeInUp&quot;}\" data-widget_type=\"text-editor.default\">\n\t\t\t\t<div class=\"elementor-widget-container\">\n\t\t\t\t\t\t\t\t\t<ul data-start=\"462\" data-end=\"827\"><li data-start=\"852\" data-end=\"946\">Prac\u0119 nad presti\u017cowymi projektami architektonicznymi i wn\u0119trzami dla wymagaj\u0105cych klient\u00f3w<\/li><li data-start=\"947\" data-end=\"1031\">Wsp\u00f3\u0142prac\u0119 w kreatywnym, do\u015bwiadczonym zespole, kt\u00f3ry stawia na najwy\u017csz\u0105 jako\u015b\u0107<\/li><li data-start=\"1032\" data-end=\"1129\">Mo\u017cliwo\u015b\u0107 rozwoju w \u015brodowisku, kt\u00f3re inspiruje i motywuje do tworzenia najlepszych rozwi\u0105za\u0144<\/li><li data-start=\"1130\" data-end=\"1205\">Nowoczesne narz\u0119dzia pracy i dost\u0119p do najnowszych technologii w bran\u017cy<\/li><\/ul>\t\t\t\t\t\t\t\t<\/div>\n\t\t\t\t<\/div>\n\t\t\t\t<\/div>\n\t\t\t\t\t<\/div>\n\t\t\t\t<\/div>\n\t\t<div class=\"elementor-element elementor-element-1131543 e-con-full e-flex e-con e-parent\" data-id=\"1131543\" data-element_type=\"container\">\n\t\t\t\t<div class=\"elementor-element elementor-element-a9643d7 elementor-widget elementor-widget-html\" data-id=\"a9643d7\" data-element_type=\"widget\" data-widget_type=\"html.default\">\n\t\t\t\t<div class=\"elementor-widget-container\">\n\t\t\t\t\t<div class=\"marquee\">\n  <div class=\"marquee__content\">\n    <span>TEAM<\/span>\n    <span>TEAM<\/span>\n    <span>TEAM<\/span>\n    <span>TEAM<\/span>\n    <span>TEAM<\/span>\n  <\/div>\n  <div class=\"marquee__content\">\n    <span>TEAM<\/span>\n    <span>TEAM<\/span>\n    <span>TEAM<\/span>\n    <span>TEAM<\/span>\n    <span>TEAM<\/span>\n  <\/div>\n<\/div>\n\t\t\t\t<\/div>\n\t\t\t\t<\/div>\n\t\t\t\t<\/div>\n\t\t<div class=\"elementor-element elementor-element-bf94e98 e-flex e-con-boxed e-con e-parent\" data-id=\"bf94e98\" data-element_type=\"container\">\n\t\t\t\t\t<div class=\"e-con-inner\">\n\t\t<div class=\"elementor-element elementor-element-64cebff e-con-full e-flex e-con e-child\" data-id=\"64cebff\" data-element_type=\"container\" data-settings=\"{&quot;background_background&quot;:&quot;classic&quot;,&quot;background_motion_fx_motion_fx_scrolling&quot;:&quot;yes&quot;,&quot;background_motion_fx_translateY_effect&quot;:&quot;yes&quot;,&quot;background_motion_fx_translateY_speed&quot;:{&quot;unit&quot;:&quot;px&quot;,&quot;size&quot;:3.7,&quot;sizes&quot;:[]},&quot;background_motion_fx_translateY_affectedRange&quot;:{&quot;unit&quot;:&quot;%&quot;,&quot;size&quot;:&quot;&quot;,&quot;sizes&quot;:{&quot;start&quot;:0,&quot;end&quot;:100}},&quot;background_motion_fx_devices&quot;:[&quot;desktop&quot;,&quot;tablet&quot;,&quot;mobile&quot;]}\">\n\t\t\t\t<\/div>\n\t\t\t\t\t<\/div>\n\t\t\t\t<\/div>\n\t\t<div class=\"elementor-element elementor-element-2fb070a e-flex e-con-boxed e-con e-parent\" data-id=\"2fb070a\" data-element_type=\"container\" data-settings=\"{&quot;background_background&quot;:&quot;classic&quot;}\">\n\t\t\t\t\t<div class=\"e-con-inner\">\n\t\t<div class=\"elementor-element elementor-element-b1b575a e-flex e-con-boxed e-con e-child\" data-id=\"b1b575a\" data-element_type=\"container\">\n\t\t\t\t\t<div class=\"e-con-inner\">\n\t\t\t\t<div class=\"elementor-element elementor-element-cb91cea elementor-invisible elementor-widget elementor-widget-heading\" data-id=\"cb91cea\" data-element_type=\"widget\" data-settings=\"{&quot;_animation&quot;:&quot;fadeInUp&quot;}\" data-widget_type=\"heading.default\">\n\t\t\t\t<div class=\"elementor-widget-container\">\n\t\t\t\t\t<h2 class=\"elementor-heading-title elementor-size-default\">Formularz<\/h2>\t\t\t\t<\/div>\n\t\t\t\t<\/div>\n\t\t\t\t<div class=\"elementor-element elementor-element-3be577f elementor-widget elementor-widget-menu-anchor\" data-id=\"3be577f\" data-element_type=\"widget\" data-widget_type=\"menu-anchor.default\">\n\t\t\t\t<div class=\"elementor-widget-container\">\n\t\t\t\t\t\t\t<div class=\"elementor-menu-anchor\" id=\"form-kariera\"><\/div>\n\t\t\t\t\t\t<\/div>\n\t\t\t\t<\/div>\n\t\t\t\t<div class=\"elementor-element elementor-element-2f80727 elementor-button-align-center elementor-mobile-button-align-center glowny-form elementor-widget elementor-widget-form\" data-id=\"2f80727\" data-element_type=\"widget\" data-settings=\"{&quot;step_next_label&quot;:&quot;Nast\\u0119pny&quot;,&quot;step_previous_label&quot;:&quot;Poprzedni&quot;,&quot;button_width&quot;:&quot;100&quot;,&quot;step_type&quot;:&quot;number_text&quot;,&quot;step_icon_shape&quot;:&quot;circle&quot;}\" data-widget_type=\"form.default\">\n\t\t\t\t<div class=\"elementor-widget-container\">\n\t\t\t\t\t\t\t<form class=\"elementor-form\" method=\"post\" name=\"New Form\" aria-label=\"New Form\">\n\t\t\t<input type=\"hidden\" name=\"post_id\" value=\"4448\"\/>\n\t\t\t<input type=\"hidden\" name=\"form_id\" value=\"2f80727\"\/>\n\t\t\t<input type=\"hidden\" name=\"referer_title\" value=\"CAREER - KONZEPT Architects - Design Studio\" \/>\n\n\t\t\t\t\t\t\t<input type=\"hidden\" name=\"queried_id\" value=\"4448\"\/>\n\t\t\t\n\t\t\t<div class=\"elementor-form-fields-wrapper elementor-labels-\">\n\t\t\t\t\t\t\t\t<div class=\"elementor-field-type-text elementor-field-group elementor-column elementor-field-group-name elementor-col-100\">\n\t\t\t\t\t\t\t\t\t\t\t\t<label for=\"form-field-name\" class=\"elementor-field-label elementor-screen-only\">\n\t\t\t\t\t\t\t\tImi\u0119\t\t\t\t\t\t\t<\/label>\n\t\t\t\t\t\t\t\t\t\t\t\t\t\t<input size=\"1\" type=\"text\" name=\"form_fields[name]\" id=\"form-field-name\" class=\"elementor-field elementor-size-lg  elementor-field-textual\" placeholder=\"Imi\u0119*\">\n\t\t\t\t\t\t\t\t\t\t\t<\/div>\n\t\t\t\t\t\t\t\t<div class=\"elementor-field-type-text elementor-field-group elementor-column elementor-field-group-field_5e63ec7 elementor-col-100\">\n\t\t\t\t\t\t\t\t\t\t\t\t<label for=\"form-field-field_5e63ec7\" class=\"elementor-field-label elementor-screen-only\">\n\t\t\t\t\t\t\t\tNazwisko\t\t\t\t\t\t\t<\/label>\n\t\t\t\t\t\t\t\t\t\t\t\t\t\t<input size=\"1\" type=\"text\" name=\"form_fields[field_5e63ec7]\" id=\"form-field-field_5e63ec7\" class=\"elementor-field elementor-size-lg  elementor-field-textual\" placeholder=\"Nazwisko*\">\n\t\t\t\t\t\t\t\t\t\t\t<\/div>\n\t\t\t\t\t\t\t\t<div class=\"elementor-field-type-tel elementor-field-group elementor-column elementor-field-group-field_f5f1e1b elementor-col-100\">\n\t\t\t\t\t\t\t\t\t\t\t\t<label for=\"form-field-field_f5f1e1b\" class=\"elementor-field-label elementor-screen-only\">\n\t\t\t\t\t\t\t\tTelefon kontaktowy\t\t\t\t\t\t\t<\/label>\n\t\t\t\t\t\t\t\t<input size=\"1\" type=\"tel\" name=\"form_fields[field_f5f1e1b]\" id=\"form-field-field_f5f1e1b\" class=\"elementor-field elementor-size-lg  elementor-field-textual\" placeholder=\"Telefon kontaktowy*\" pattern=\"[0-9()#&amp;+*-=.]+\" title=\"Only numbers and phone characters (#, -, *, etc) are accepted.\">\n\n\t\t\t\t\t\t<\/div>\n\t\t\t\t\t\t\t\t<div class=\"elementor-field-type-email elementor-field-group elementor-column elementor-field-group-email elementor-col-100 elementor-field-required\">\n\t\t\t\t\t\t\t\t\t\t\t\t<label for=\"form-field-email\" class=\"elementor-field-label elementor-screen-only\">\n\t\t\t\t\t\t\t\tE-mail*\t\t\t\t\t\t\t<\/label>\n\t\t\t\t\t\t\t\t\t\t\t\t\t\t<input size=\"1\" type=\"email\" name=\"form_fields[email]\" id=\"form-field-email\" class=\"elementor-field elementor-size-lg  elementor-field-textual\" placeholder=\"E-mail*\" required=\"required\">\n\t\t\t\t\t\t\t\t\t\t\t<\/div>\n\t\t\t\t\t\t\t\t<div class=\"elementor-field-type-textarea elementor-field-group elementor-column elementor-field-group-message elementor-col-100\">\n\t\t\t\t\t\t\t\t\t\t\t\t<label for=\"form-field-message\" class=\"elementor-field-label elementor-screen-only\">\n\t\t\t\t\t\t\t\tWiadmosc\t\t\t\t\t\t\t<\/label>\n\t\t\t\t\t\t<textarea class=\"elementor-field-textual elementor-field  elementor-size-lg\" name=\"form_fields[message]\" id=\"form-field-message\" rows=\"4\" placeholder=\"List motywacyjny\"><\/textarea>\t\t\t\t<\/div>\n\t\t\t\t\t\t\t\t<div class=\"elementor-field-type-upload elementor-field-group elementor-column elementor-field-group-field_548ad66 elementor-col-100\">\n\t\t\t\t\t\t\t\t\t\t\t\t<label for=\"form-field-field_548ad66\" class=\"elementor-field-label elementor-screen-only\">\n\t\t\t\t\t\t\t\tTwoje CV\t\t\t\t\t\t\t<\/label>\n\t\t\t\t\t\t\t\t<input type=\"file\" name=\"form_fields[field_548ad66]\" id=\"form-field-field_548ad66\" class=\"elementor-field elementor-size-lg  elementor-upload-field\" data-maxsize=\"20\" data-maxsize-message=\"This file exceeds the maximum allowed size.\">\n\n\t\t\t\t\t\t<\/div>\n\t\t\t\t\t\t\t\t<div class=\"elementor-field-group elementor-column elementor-field-type-submit elementor-col-100 e-form__buttons\">\n\t\t\t\t\t<button class=\"elementor-button elementor-size-md elementor-animation-float\" type=\"submit\">\n\t\t\t\t\t\t<span class=\"elementor-button-content-wrapper\">\n\t\t\t\t\t\t\t\t\t\t\t\t\t\t\t\t\t\t\t\t\t\t<span class=\"elementor-button-text\">Wy\u015blij<\/span>\n\t\t\t\t\t\t\t\t\t\t\t\t\t<\/span>\n\t\t\t\t\t<\/button>\n\t\t\t\t<\/div>\n\t\t\t<\/div>\n\t\t<\/form>\n\t\t\t\t\t\t<\/div>\n\t\t\t\t<\/div>\n\t\t\t\t\t<\/div>\n\t\t\t\t<\/div>\n\t\t\t\t\t<\/div>\n\t\t\t\t<\/div>\n\t\t\t\t<\/div>\n\t\t","protected":false},"excerpt":{"rendered":"<p>Do\u0142\u0105cz do Zespo\u0142u! W Konzept wierzymy, \u017ce architektura to sztuka, a ka\u017cdy projekt to unikalna historia. Tworzymy domy i wn\u0119trza klasy premium, dbaj\u0105c o najwy\u017csz\u0105 jako\u015b\u0107, precyzj\u0119 i ponadczasow\u0105 estetyk\u0119. Je\u015bli pasjonuje Ci\u0119 projektowanie na najwy\u017cszym poziomie, cenisz dba\u0142o\u015b\u0107 o detale i chcesz pracowa\u0107 przy wyj\u0105tkowych realizacjach, do\u0142\u0105cz do naszego zespo\u0142u. Je\u015bli chcesz tworzy\u0107 wyj\u0105tkowe [&hellip;]<\/p>\n","protected":false},"author":1,"featured_media":0,"parent":0,"menu_order":0,"comment_status":"closed","ping_status":"closed","template":"","meta":{"_acf_changed":false,"footnotes":""},"class_list":["post-4448","page","type-page","status-publish","hentry"],"acf":[],"yoast_head":"<!-- This site is optimized with the Yoast SEO Premium plugin v24.6 (Yoast SEO v26.0) - https:\/\/yoast.com\/wordpress\/plugins\/seo\/ -->\n<title>CAREER - KONZEPT Architects - Design Studio<\/title>\n<meta name=\"robots\" content=\"index, follow, max-snippet:-1, max-image-preview:large, max-video-preview:-1\" \/>\n<link rel=\"canonical\" href=\"https:\/\/konzept.com.pl\/en\/career\/\" \/>\n<meta property=\"og:locale\" content=\"en_US\" \/>\n<meta property=\"og:type\" content=\"article\" \/>\n<meta property=\"og:title\" content=\"CAREER\" \/>\n<meta property=\"og:description\" content=\"Do\u0142\u0105cz do Zespo\u0142u! W Konzept wierzymy, \u017ce architektura to sztuka, a ka\u017cdy projekt to unikalna historia. Tworzymy domy i wn\u0119trza klasy premium, dbaj\u0105c o najwy\u017csz\u0105 jako\u015b\u0107, precyzj\u0119 i ponadczasow\u0105 estetyk\u0119. Je\u015bli pasjonuje Ci\u0119 projektowanie na najwy\u017cszym poziomie, cenisz dba\u0142o\u015b\u0107 o detale i chcesz pracowa\u0107 przy wyj\u0105tkowych realizacjach, do\u0142\u0105cz do naszego zespo\u0142u. Je\u015bli chcesz tworzy\u0107 wyj\u0105tkowe [&hellip;]\" \/>\n<meta property=\"og:url\" content=\"https:\/\/konzept.com.pl\/en\/career\/\" \/>\n<meta property=\"og:site_name\" content=\"KONZEPT Architects - Design Studio\" \/>\n<meta property=\"article:modified_time\" content=\"2025-03-17T20:43:35+00:00\" \/>\n<meta name=\"twitter:card\" content=\"summary_large_image\" \/>\n<meta name=\"twitter:label1\" content=\"Est. reading time\" \/>\n\t<meta name=\"twitter:data1\" content=\"1 minute\" \/>\n<script type=\"application\/ld+json\" class=\"yoast-schema-graph\">{\"@context\":\"https:\/\/schema.org\",\"@graph\":[{\"@type\":\"WebPage\",\"@id\":\"https:\/\/konzept.com.pl\/en\/career\/\",\"url\":\"https:\/\/konzept.com.pl\/en\/career\/\",\"name\":\"CAREER - KONZEPT Architects - Design Studio\",\"isPartOf\":{\"@id\":\"https:\/\/konzept.com.pl\/#website\"},\"datePublished\":\"2024-11-14T00:47:42+00:00\",\"dateModified\":\"2025-03-17T20:43:35+00:00\",\"breadcrumb\":{\"@id\":\"https:\/\/konzept.com.pl\/en\/career\/#breadcrumb\"},\"inLanguage\":\"en-US\",\"potentialAction\":[{\"@type\":\"ReadAction\",\"target\":[\"https:\/\/konzept.com.pl\/en\/career\/\"]}]},{\"@type\":\"BreadcrumbList\",\"@id\":\"https:\/\/konzept.com.pl\/en\/career\/#breadcrumb\",\"itemListElement\":[{\"@type\":\"ListItem\",\"position\":1,\"name\":\"Strona g\u0142\u00f3wna\",\"item\":\"https:\/\/konzept.com.pl\/en\/glow\/\"},{\"@type\":\"ListItem\",\"position\":2,\"name\":\"CAREER\"}]},{\"@type\":\"WebSite\",\"@id\":\"https:\/\/konzept.com.pl\/#website\",\"url\":\"https:\/\/konzept.com.pl\/\",\"name\":\"KONZEPT Architects - Design Studio\",\"description\":\"Projekty Architektoniczne i Aran\u017cacje Wn\u0119trz - Pawe\u0142 Rusak\",\"publisher\":{\"@id\":\"https:\/\/konzept.com.pl\/#organization\"},\"potentialAction\":[{\"@type\":\"SearchAction\",\"target\":{\"@type\":\"EntryPoint\",\"urlTemplate\":\"https:\/\/konzept.com.pl\/?s={search_term_string}\"},\"query-input\":{\"@type\":\"PropertyValueSpecification\",\"valueRequired\":true,\"valueName\":\"search_term_string\"}}],\"inLanguage\":\"en-US\"},{\"@type\":\"Organization\",\"@id\":\"https:\/\/konzept.com.pl\/#organization\",\"name\":\"KONZEPT Architects - Design Studio\",\"url\":\"https:\/\/konzept.com.pl\/\",\"logo\":{\"@type\":\"ImageObject\",\"inLanguage\":\"en-US\",\"@id\":\"https:\/\/konzept.com.pl\/#\/schema\/logo\/image\/\",\"url\":\"https:\/\/konzept.com.pl\/wp-content\/uploads\/2024\/04\/Konzept-white.png\",\"contentUrl\":\"https:\/\/konzept.com.pl\/wp-content\/uploads\/2024\/04\/Konzept-white.png\",\"width\":1480,\"height\":142,\"caption\":\"KONZEPT Architects - Design Studio\"},\"image\":{\"@id\":\"https:\/\/konzept.com.pl\/#\/schema\/logo\/image\/\"}}]}<\/script>\n<!-- \/ Yoast SEO Premium plugin. -->","yoast_head_json":{"title":"CAREER - KONZEPT Architects - Design Studio","robots":{"index":"index","follow":"follow","max-snippet":"max-snippet:-1","max-image-preview":"max-image-preview:large","max-video-preview":"max-video-preview:-1"},"canonical":"https:\/\/konzept.com.pl\/en\/career\/","og_locale":"en_US","og_type":"article","og_title":"CAREER","og_description":"Do\u0142\u0105cz do Zespo\u0142u! W Konzept wierzymy, \u017ce architektura to sztuka, a ka\u017cdy projekt to unikalna historia. Tworzymy domy i wn\u0119trza klasy premium, dbaj\u0105c o najwy\u017csz\u0105 jako\u015b\u0107, precyzj\u0119 i ponadczasow\u0105 estetyk\u0119. Je\u015bli pasjonuje Ci\u0119 projektowanie na najwy\u017cszym poziomie, cenisz dba\u0142o\u015b\u0107 o detale i chcesz pracowa\u0107 przy wyj\u0105tkowych realizacjach, do\u0142\u0105cz do naszego zespo\u0142u. Je\u015bli chcesz tworzy\u0107 wyj\u0105tkowe [&hellip;]","og_url":"https:\/\/konzept.com.pl\/en\/career\/","og_site_name":"KONZEPT Architects - Design Studio","article_modified_time":"2025-03-17T20:43:35+00:00","twitter_card":"summary_large_image","twitter_misc":{"Est. reading time":"1 minute"},"schema":{"@context":"https:\/\/schema.org","@graph":[{"@type":"WebPage","@id":"https:\/\/konzept.com.pl\/en\/career\/","url":"https:\/\/konzept.com.pl\/en\/career\/","name":"CAREER - KONZEPT Architects - Design Studio","isPartOf":{"@id":"https:\/\/konzept.com.pl\/#website"},"datePublished":"2024-11-14T00:47:42+00:00","dateModified":"2025-03-17T20:43:35+00:00","breadcrumb":{"@id":"https:\/\/konzept.com.pl\/en\/career\/#breadcrumb"},"inLanguage":"en-US","potentialAction":[{"@type":"ReadAction","target":["https:\/\/konzept.com.pl\/en\/career\/"]}]},{"@type":"BreadcrumbList","@id":"https:\/\/konzept.com.pl\/en\/career\/#breadcrumb","itemListElement":[{"@type":"ListItem","position":1,"name":"Strona g\u0142\u00f3wna","item":"https:\/\/konzept.com.pl\/en\/glow\/"},{"@type":"ListItem","position":2,"name":"CAREER"}]},{"@type":"WebSite","@id":"https:\/\/konzept.com.pl\/#website","url":"https:\/\/konzept.com.pl\/","name":"KONZEPT Architects - Design Studio","description":"Projekty Architektoniczne i Aran\u017cacje Wn\u0119trz - Pawe\u0142 Rusak","publisher":{"@id":"https:\/\/konzept.com.pl\/#organization"},"potentialAction":[{"@type":"SearchAction","target":{"@type":"EntryPoint","urlTemplate":"https:\/\/konzept.com.pl\/?s={search_term_string}"},"query-input":{"@type":"PropertyValueSpecification","valueRequired":true,"valueName":"search_term_string"}}],"inLanguage":"en-US"},{"@type":"Organization","@id":"https:\/\/konzept.com.pl\/#organization","name":"KONZEPT Architects - Design Studio","url":"https:\/\/konzept.com.pl\/","logo":{"@type":"ImageObject","inLanguage":"en-US","@id":"https:\/\/konzept.com.pl\/#\/schema\/logo\/image\/","url":"https:\/\/konzept.com.pl\/wp-content\/uploads\/2024\/04\/Konzept-white.png","contentUrl":"https:\/\/konzept.com.pl\/wp-content\/uploads\/2024\/04\/Konzept-white.png","width":1480,"height":142,"caption":"KONZEPT Architects - Design Studio"},"image":{"@id":"https:\/\/konzept.com.pl\/#\/schema\/logo\/image\/"}}]}},"_links":{"self":[{"href":"https:\/\/konzept.com.pl\/en\/wp-json\/wp\/v2\/pages\/4448","targetHints":{"allow":["GET"]}}],"collection":[{"href":"https:\/\/konzept.com.pl\/en\/wp-json\/wp\/v2\/pages"}],"about":[{"href":"https:\/\/konzept.com.pl\/en\/wp-json\/wp\/v2\/types\/page"}],"author":[{"embeddable":true,"href":"https:\/\/konzept.com.pl\/en\/wp-json\/wp\/v2\/users\/1"}],"replies":[{"embeddable":true,"href":"https:\/\/konzept.com.pl\/en\/wp-json\/wp\/v2\/comments?post=4448"}],"version-history":[{"count":4,"href":"https:\/\/konzept.com.pl\/en\/wp-json\/wp\/v2\/pages\/4448\/revisions"}],"predecessor-version":[{"id":4550,"href":"https:\/\/konzept.com.pl\/en\/wp-json\/wp\/v2\/pages\/4448\/revisions\/4550"}],"wp:attachment":[{"href":"https:\/\/konzept.com.pl\/en\/wp-json\/wp\/v2\/media?parent=4448"}],"curies":[{"name":"wp","href":"https:\/\/api.w.org\/{rel}","templated":true}]}}